{"id":32,"date":"2023-10-15T10:43:51","date_gmt":"2023-10-15T10:43:51","guid":{"rendered":"https:\/\/xn--tomcuz-dva.com\/?page_id=32"},"modified":"2025-08-19T21:05:27","modified_gmt":"2025-08-19T21:05:27","slug":"project-details","status":"publish","type":"page","link":"https:\/\/xn--tomcuz-dva.com\/?page_id=32","title":{"rendered":"Help mee"},"content":{"rendered":"\t\t<div data-elementor-type=\"wp-page\" data-elementor-id=\"32\" class=\"elementor elementor-32\">\n\t\t\t\t<div class=\"elementor-element elementor-element-a17c981 e-flex e-con-boxed e-con e-parent\" data-id=\"a17c981\" data-element_type=\"container\">\n\t\t\t\t\t<div class=\"e-con-inner\">\n\t\t\t\t<div class=\"elementor-element elementor-element-b490919 elementor-widget elementor-widget-text-editor\" data-id=\"b490919\" data-element_type=\"widget\" data-widget_type=\"text-editor.default\">\n\t\t\t\t\t\t\t\t\t<div class=\"wp-block-column is-vertically-aligned-center\">\n<h1 class=\"wp-block-heading has-text-align-left has-neve-text-color-color has-text-color\">\u00a0De kans om te leren en te groeien<\/h1>\n<p><img fetchpriority=\"high\" decoding=\"async\" class=\" wp-image-147 aligncenter\" src=\"https:\/\/xn--tomcuz-dva.com\/wp-content\/uploads\/2025\/08\/logo_tomecuz_25-300x142.png\" alt=\"\" width=\"404\" height=\"191\" srcset=\"https:\/\/xn--tomcuz-dva.com\/wp-content\/uploads\/2025\/08\/logo_tomecuz_25-300x142.png 300w, https:\/\/xn--tomcuz-dva.com\/wp-content\/uploads\/2025\/08\/logo_tomecuz_25-1024x485.png 1024w, https:\/\/xn--tomcuz-dva.com\/wp-content\/uploads\/2025\/08\/logo_tomecuz_25-768x363.png 768w, https:\/\/xn--tomcuz-dva.com\/wp-content\/uploads\/2025\/08\/logo_tomecuz_25-100x47.png 100w, https:\/\/xn--tomcuz-dva.com\/wp-content\/uploads\/2025\/08\/logo_tomecuz_25-1536x727.png 1536w, https:\/\/xn--tomcuz-dva.com\/wp-content\/uploads\/2025\/08\/logo_tomecuz_25.png 2048w\" sizes=\"(max-width: 404px) 100vw, 404px\" \/><\/p>\n<p class=\"has-neve-text-color-color has-text-color\">Sinds onze oprichting hebben we met eigen middelen al twee scholen op S\u00e3o Nicolau ondersteund met laptops en educatief materiaal. Maar er is nog zoveel meer te doen.<\/p>\n<p class=\"has-neve-text-color-color has-text-color\">Met jouw steun kunnen we elk jaar een nieuw project\u00a0 \u00a0 realiseren en m\u00e9\u00e9r leerlingen, studenten en docenten helpen\u00a0 aan kansen die zij anders niet zouden hebben.<\/p>\n<p>\u00a0<\/p>\n<h2>Help ons helpen<\/h2>\n<p>Of je nu eenmalig bijdraagt of structureel wilt steunen, elke bijdrage maakt verschil.<\/p>\n<p>\u00a0<\/p>\n<p>\u20ac10 = schoolspullen of schoolbijdrage voor 1 leerling<\/p>\n<p>\u20ac100 = bijdrage aan een laptop<\/p>\n<p>\u20ac500 = een volledige klas voorzien van materiaal<\/p>\n<p>\u00a0<\/p>\n<p>Naast financi\u00eble steun kun je ook bijdragen met:<\/p>\n<p>&#8211; Laptops of schoolmaterialen<\/p>\n<p>&#8211; Sponsoring vanuit je bedrijf of organisatie<\/p>\n<p>\u00a0<\/p>\n<p>Neem gerust contact met ons op via <strong><a href=\"mailto:stichtingtomecuz@gmail.com\">stichtingtomecuz@gmail.com<\/a>, <\/strong>we denken graag met je mee.<\/p>\n<p>\u00a0<\/p>\n<p><strong>\u201c&#8221;Qual \u00e9 o sentido de estar vivo se voc\u00ea n\u00e3o tenta pelo menos fazer algo not\u00e1vel?&#8221;\u201d<\/strong><\/p>\n<\/div>\n<p>\u00a0<\/p>\t\t\t\t\t\t\t\t<\/div>\n\t\t\t\t\t<\/div>\n\t\t\t\t<\/div>\n\t\t<div class=\"elementor-element elementor-element-f68443c e-flex e-con-boxed e-con e-parent\" data-id=\"f68443c\" data-element_type=\"container\">\n\t\t\t\t\t<div class=\"e-con-inner\">\n\t\t\t\t<div class=\"elementor-element elementor-element-f1e792b elementor-widget elementor-widget-image\" data-id=\"f1e792b\" data-element_type=\"widget\" data-widget_type=\"image.default\">\n\t\t\t\t\t\t\t\t\t\t\t\t\t\t\t<img decoding=\"async\" width=\"1024\" height=\"836\" src=\"https:\/\/xn--tomcuz-dva.com\/wp-content\/uploads\/2025\/08\/junc-e1755637508511-1024x836.jpg\" class=\"attachment-large size-large wp-image-249\" alt=\"\" srcset=\"https:\/\/xn--tomcuz-dva.com\/wp-content\/uploads\/2025\/08\/junc-e1755637508511-1024x836.jpg 1024w, https:\/\/xn--tomcuz-dva.com\/wp-content\/uploads\/2025\/08\/junc-e1755637508511-300x245.jpg 300w, https:\/\/xn--tomcuz-dva.com\/wp-content\/uploads\/2025\/08\/junc-e1755637508511-768x627.jpg 768w, https:\/\/xn--tomcuz-dva.com\/wp-content\/uploads\/2025\/08\/junc-e1755637508511-100x82.jpg 100w, https:\/\/xn--tomcuz-dva.com\/wp-content\/uploads\/2025\/08\/junc-e1755637508511.jpg 1200w\" sizes=\"(max-width: 1024px) 100vw, 1024px\" \/>\t\t\t\t\t\t\t\t\t\t\t\t\t\t\t<\/div>\n\t\t\t\t\t<\/div>\n\t\t\t\t<\/div>\n\t\t\t\t<\/div>\n\t\t","protected":false},"excerpt":{"rendered":"<p>\u00a0De kans om te leren en te groeien Sinds onze oprichting hebben we met eigen middelen al twee scholen op S\u00e3o Nicolau ondersteund met laptops en educatief materiaal. Maar er&hellip;&nbsp;<a href=\"https:\/\/xn--tomcuz-dva.com\/?page_id=32\" rel=\"bookmark\">Lees verder &raquo;<span class=\"screen-reader-text\">Help mee<\/span><\/a><\/p>\n","protected":false},"author":1,"featured_media":0,"parent":0,"menu_order":0,"comment_status":"closed","ping_status":"closed","template":"","meta":{"neve_meta_sidebar":"","neve_meta_container":"","neve_meta_enable_content_width":"on","neve_meta_content_width":100,"neve_meta_title_alignment":"","neve_meta_author_avatar":"","neve_post_elements_order":"","neve_meta_disable_header":"","neve_meta_disable_footer":"","neve_meta_disable_title":"on","footnotes":""},"class_list":["post-32","page","type-page","status-publish","hentry"],"_links":{"self":[{"href":"https:\/\/xn--tomcuz-dva.com\/index.php?rest_route=\/wp\/v2\/pages\/32","targetHints":{"allow":["GET"]}}],"collection":[{"href":"https:\/\/xn--tomcuz-dva.com\/index.php?rest_route=\/wp\/v2\/pages"}],"about":[{"href":"https:\/\/xn--tomcuz-dva.com\/index.php?rest_route=\/wp\/v2\/types\/page"}],"author":[{"embeddable":true,"href":"https:\/\/xn--tomcuz-dva.com\/index.php?rest_route=\/wp\/v2\/users\/1"}],"replies":[{"embeddable":true,"href":"https:\/\/xn--tomcuz-dva.com\/index.php?rest_route=%2Fwp%2Fv2%2Fcomments&post=32"}],"version-history":[{"count":31,"href":"https:\/\/xn--tomcuz-dva.com\/index.php?rest_route=\/wp\/v2\/pages\/32\/revisions"}],"predecessor-version":[{"id":268,"href":"https:\/\/xn--tomcuz-dva.com\/index.php?rest_route=\/wp\/v2\/pages\/32\/revisions\/268"}],"wp:attachment":[{"href":"https:\/\/xn--tomcuz-dva.com\/index.php?rest_route=%2Fwp%2Fv2%2Fmedia&parent=32"}],"curies":[{"name":"wp","href":"https:\/\/api.w.org\/{rel}","templated":true}]}}