{"id":31,"date":"2023-10-15T10:43:51","date_gmt":"2023-10-15T10:43:51","guid":{"rendered":"https:\/\/xn--tomcuz-dva.com\/?page_id=31"},"modified":"2025-08-19T21:05:50","modified_gmt":"2025-08-19T21:05:50","slug":"portofolio","status":"publish","type":"page","link":"https:\/\/xn--tomcuz-dva.com\/?page_id=31","title":{"rendered":"Portofolio"},"content":{"rendered":"\t\t<div data-elementor-type=\"wp-page\" data-elementor-id=\"31\" class=\"elementor elementor-31\">\n\t\t\t\t<div class=\"elementor-element elementor-element-41b7a0ec e-con-full e-flex e-con e-parent\" data-id=\"41b7a0ec\" data-element_type=\"container\">\n\t\t\t\t<div class=\"elementor-element elementor-element-1d29391 elementor-widget elementor-widget-text-editor\" data-id=\"1d29391\" data-element_type=\"widget\" data-widget_type=\"text-editor.default\">\n\t\t\t\t\t\t\t\t\t<p>\u00a0<\/p>\n<div class=\"wp-block-spacer\" style=\"height: 80px;\" aria-hidden=\"true\"><img fetchpriority=\"high\" decoding=\"async\" class=\"wp-image-147 aligncenter\" src=\"https:\/\/xn--tomcuz-dva.com\/wp-content\/uploads\/2025\/08\/logo_tomecuz_25-300x142.png\" alt=\"\" width=\"559\" height=\"265\" srcset=\"https:\/\/xn--tomcuz-dva.com\/wp-content\/uploads\/2025\/08\/logo_tomecuz_25-300x142.png 300w, https:\/\/xn--tomcuz-dva.com\/wp-content\/uploads\/2025\/08\/logo_tomecuz_25-1024x485.png 1024w, https:\/\/xn--tomcuz-dva.com\/wp-content\/uploads\/2025\/08\/logo_tomecuz_25-768x363.png 768w, https:\/\/xn--tomcuz-dva.com\/wp-content\/uploads\/2025\/08\/logo_tomecuz_25-100x47.png 100w, https:\/\/xn--tomcuz-dva.com\/wp-content\/uploads\/2025\/08\/logo_tomecuz_25-1536x727.png 1536w, https:\/\/xn--tomcuz-dva.com\/wp-content\/uploads\/2025\/08\/logo_tomecuz_25.png 2048w\" sizes=\"(max-width: 559px) 100vw, 559px\" \/><\/div>\n<div aria-hidden=\"true\">\u00a0<\/div>\n<div aria-hidden=\"true\">\u00a0<\/div>\n<p data-start=\"183\" data-end=\"374\">\u00a0<\/p>\n<p data-start=\"183\" data-end=\"374\">\u00a0<\/p>\n<p data-start=\"183\" data-end=\"374\">\u00a0<\/p>\n<p data-start=\"183\" data-end=\"374\">\u00a0<\/p>\n<div aria-hidden=\"true\">\n<p data-start=\"183\" data-end=\"374\">Stichting Tom\u00e9 Cuz zet zich elk jaar in om leerlingen, studenten en docenten op S\u00e3o Nicolau te ondersteunen met educatieve middelen, zoals laptops, lesmaterialen en schoolbenodigdheden.<\/p>\n<p data-start=\"376\" data-end=\"528\">We verzamelen structureel donaties \u2014 zowel in natura als financieel \u2014 om de toegang tot goed onderwijs te verbeteren voor kansarme kinderen en jongeren.<\/p>\n<p data-start=\"530\" data-end=\"803\">Daarnaast organiseren we culturele en educatieve evenementen en werken we actief samen met scholen, bedrijven en maatschappelijke organisaties om duurzame impact te cre\u00ebren. Via deze samenwerking streven we naar meer gelijke kansen en een betere toekomst voor iedereen.<\/p>\n<\/div>\n<div aria-hidden=\"true\">\u00a0<\/div>\n<div aria-hidden=\"true\">\n<p data-start=\"199\" data-end=\"425\">Sinds de oprichting in 2022 heeft Stichting Tom\u00e9 Cuz alles op eigen kracht gerealiseerd.\u00a0<\/p>\n<p data-start=\"427\" data-end=\"578\">Maar om \u00e9cht door te groeien en jaarlijks meer kinderen en docenten te bereiken, hebben we extra steun nodig. Met hulp kunnen we m\u00e9\u00e9r impact maken.<\/p>\n<p data-start=\"580\" data-end=\"701\">\u00a0Elk jaar willen we een concreet project realiseren dat direct ten goede komt aan het onderwijs op S\u00e3o Nicolau.<\/p>\n<p data-start=\"703\" data-end=\"877\">Binnenkort lanceren we: <strong>Project 025<\/strong><br data-start=\"744\" data-end=\"747\" \/>Houd onze website en social media in de gaten voor meer informatie.<\/p>\n<p data-start=\"703\" data-end=\"877\"><strong>\u201c&#8221;Qual \u00e9 o sentido de estar vivo se voc\u00ea n\u00e3o tenta pelo menos fazer algo not\u00e1vel?&#8221;\u201d<\/strong><\/p>\n<\/div>\t\t\t\t\t\t\t\t<\/div>\n\t\t\t\t<\/div>\n\t\t<div class=\"elementor-element elementor-element-aac1ac5 e-flex e-con-boxed e-con e-parent\" data-id=\"aac1ac5\" data-element_type=\"container\">\n\t\t\t\t\t<div class=\"e-con-inner\">\n\t\t\t\t<div class=\"elementor-element elementor-element-6914dd6 elementor-widget elementor-widget-image\" data-id=\"6914dd6\" data-element_type=\"widget\" data-widget_type=\"image.default\">\n\t\t\t\t\t\t\t\t\t\t\t\t\t\t\t<img decoding=\"async\" width=\"1024\" height=\"428\" src=\"https:\/\/xn--tomcuz-dva.com\/wp-content\/uploads\/2023\/10\/RB-entrada-I-1024x428.png\" class=\"attachment-large size-large wp-image-49\" alt=\"\" srcset=\"https:\/\/xn--tomcuz-dva.com\/wp-content\/uploads\/2023\/10\/RB-entrada-I-1024x428.png 1024w, https:\/\/xn--tomcuz-dva.com\/wp-content\/uploads\/2023\/10\/RB-entrada-I-300x125.png 300w, https:\/\/xn--tomcuz-dva.com\/wp-content\/uploads\/2023\/10\/RB-entrada-I-768x321.png 768w, https:\/\/xn--tomcuz-dva.com\/wp-content\/uploads\/2023\/10\/RB-entrada-I.png 1255w\" sizes=\"(max-width: 1024px) 100vw, 1024px\" \/>\t\t\t\t\t\t\t\t\t\t\t\t\t\t\t<\/div>\n\t\t\t\t\t<\/div>\n\t\t\t\t<\/div>\n\t\t\t\t<\/div>\n\t\t","protected":false},"excerpt":{"rendered":"<p>\u00a0 \u00a0 \u00a0 \u00a0 \u00a0 \u00a0 \u00a0 Stichting Tom\u00e9 Cuz zet zich elk jaar in om leerlingen, studenten en docenten op S\u00e3o Nicolau te ondersteunen met educatieve middelen, zoals laptops,&hellip;&nbsp;<a href=\"https:\/\/xn--tomcuz-dva.com\/?page_id=31\" rel=\"bookmark\">Lees verder &raquo;<span class=\"screen-reader-text\">Portofolio<\/span><\/a><\/p>\n","protected":false},"author":1,"featured_media":0,"parent":0,"menu_order":0,"comment_status":"closed","ping_status":"closed","template":"","meta":{"neve_meta_sidebar":"","neve_meta_container":"","neve_meta_enable_content_width":"on","neve_meta_content_width":100,"neve_meta_title_alignment":"","neve_meta_author_avatar":"","neve_post_elements_order":"","neve_meta_disable_header":"","neve_meta_disable_footer":"","neve_meta_disable_title":"on","footnotes":""},"class_list":["post-31","page","type-page","status-publish","hentry"],"_links":{"self":[{"href":"https:\/\/xn--tomcuz-dva.com\/index.php?rest_route=\/wp\/v2\/pages\/31","targetHints":{"allow":["GET"]}}],"collection":[{"href":"https:\/\/xn--tomcuz-dva.com\/index.php?rest_route=\/wp\/v2\/pages"}],"about":[{"href":"https:\/\/xn--tomcuz-dva.com\/index.php?rest_route=\/wp\/v2\/types\/page"}],"author":[{"embeddable":true,"href":"https:\/\/xn--tomcuz-dva.com\/index.php?rest_route=\/wp\/v2\/users\/1"}],"replies":[{"embeddable":true,"href":"https:\/\/xn--tomcuz-dva.com\/index.php?rest_route=%2Fwp%2Fv2%2Fcomments&post=31"}],"version-history":[{"count":39,"href":"https:\/\/xn--tomcuz-dva.com\/index.php?rest_route=\/wp\/v2\/pages\/31\/revisions"}],"predecessor-version":[{"id":271,"href":"https:\/\/xn--tomcuz-dva.com\/index.php?rest_route=\/wp\/v2\/pages\/31\/revisions\/271"}],"wp:attachment":[{"href":"https:\/\/xn--tomcuz-dva.com\/index.php?rest_route=%2Fwp%2Fv2%2Fmedia&parent=31"}],"curies":[{"name":"wp","href":"https:\/\/api.w.org\/{rel}","templated":true}]}}